{"id":2,"date":"2016-02-05T18:35:20","date_gmt":"2016-02-05T17:35:20","guid":{"rendered":"http:\/\/sas.tarniny.pl\/?page_id=2"},"modified":"2021-10-19T19:25:24","modified_gmt":"2021-10-19T17:25:24","slug":"montaz-anten-telewizji-satelitarnej-naziemnej-szczecin-okolice","status":"publish","type":"page","link":"https:\/\/www.sas.szczecin.pl\/","title":{"rendered":"Monta\u017c anten telewizji satelitarnej i naziemnej. Szczecin i okolice"},"content":{"rendered":"<h4><\/h4>\n<h4><\/h4>\n<h4>Zadzwo\u0144!\u00a0<strong>519 119 429\u00a0<\/strong><\/h4>\n<p>Zajmujemy\u00a0si\u0119 monta\u017cem, ustawianiem i serwisem anten satelitarnych oraz naziemnych. Posiadamy wieloletnie do\u015bwiadczenie w zakresie instalacji<\/p>\n<p>antenowych i profesjonalny sprz\u0119t pomiarowy niezb\u0119dny do prawid\u0142owego ustawiania anten i szybkiego diagnozowania usterek.<\/p>\n<p><img loading=\"lazy\" decoding=\"async\" class=\"wp-image-256 alignright\" src=\"https:\/\/www.sas.szczecin.pl\/wp-content\/uploads\/2020\/02\/ANTENA-DVB-T-TELEVES-V-ZENIT-MIX-LTE-COMBO-MUX-8.jpg\" alt=\"\" width=\"459\" height=\"265\" srcset=\"https:\/\/www.sas.szczecin.pl\/wp-content\/uploads\/2020\/02\/ANTENA-DVB-T-TELEVES-V-ZENIT-MIX-LTE-COMBO-MUX-8.jpg 512w, https:\/\/www.sas.szczecin.pl\/wp-content\/uploads\/2020\/02\/ANTENA-DVB-T-TELEVES-V-ZENIT-MIX-LTE-COMBO-MUX-8-300x173.jpg 300w\" sizes=\"auto, (max-width: 459px) 100vw, 459px\" \/><\/p>\n<p>Montujemy i ustawiamy anteny satelitarne do odbioru wszystkich platform cyfrowych w Polsce: <strong>NC+, Cyfrowego Polsatu, Orange, Telewizja naziemna DVB-T.<\/strong><\/p>\n<p>Wykonujemy wszystkie us\u0142ugi zwi\u0105zane z antenami:<\/p>\n<p><strong>Monta\u017c<\/strong><\/p>\n<p><strong>Ustawienie<\/strong><\/p>\n<p><strong>Wymiana<\/strong><\/p>\n<p>Konfiguracja multiroom<\/p>\n<p>Monta\u017c internetu lte<\/p>\n<p>U\u017cywamy jedynie markowych produkt\u00f3w:<\/p>\n<ul>\n<li><strong>Televes<\/strong><\/li>\n<li><strong>Inverto<\/strong><\/li>\n<li><strong>Terra<\/strong><\/li>\n<li><strong>Triax<\/strong><\/li>\n<li><strong>Telmor<\/strong><\/li>\n<li><strong>Corab<\/strong><\/li>\n<li><strong>Opticum<\/strong><\/li>\n<\/ul>\n<p><strong>Ustawienie anteny od 100z\u0142<\/strong><\/p>\n<p><strong>Monta\u017c od 200z\u0142<\/strong><\/p>\n<h4><\/h4>\n<p>Masz ju\u017c anten\u0119 ale nie potrafisz jej ustawi\u0107? Zadzwo\u0144! Przyjedziemy i ustawimy poprawnie Twoj\u0105 anten\u0119.<\/p>\n<p>Ka\u017cda awaria! B\u0142yskawiczny dojazd!<\/p>\n<p>Us\u0142ugi \u015bwiadczymy na terenie ca\u0142ego wojew\u00f3dztwa zachodniopomorskiego.<\/p>\n<p>Mo\u017cliwy dojazd na teren <strong>Niemiec<\/strong>.<\/p>\n<p><strong>Tel. 519 119 429\u00a0&#8211; Darek<\/strong><\/p>\n","protected":false},"excerpt":{"rendered":"<p>Zadzwo\u0144!\u00a0519 119 429\u00a0 Zajmujemy\u00a0si\u0119 monta\u017cem, ustawianiem i serwisem anten satelitarnych oraz naziemnych. Posiadamy wieloletnie do\u015bwiadczenie w zakresie instalacji antenowych i profesjonalny sprz\u0119t pomiarowy niezb\u0119dny do prawid\u0142owego ustawiania anten i szybkiego diagnozowania usterek. Montujemy i ustawiamy anteny satelitarne do odbioru wszystkich platform cyfrowych w Polsce: NC+, Cyfrowego Polsatu, Orange, Telewizja naziemna DVB-T. Wykonujemy wszystkie us\u0142ugi zwi\u0105zane &#8230; <a title=\"Monta\u017c anten telewizji satelitarnej i naziemnej. Szczecin i okolice\" class=\"read-more\" href=\"https:\/\/www.sas.szczecin.pl\/\" aria-label=\"Dowiedz si\u0119 wi\u0119cej o Monta\u017c anten telewizji satelitarnej i naziemnej. Szczecin i okolice\">Dowiedz si\u0119 wi\u0119cej<\/a><\/p>\n","protected":false},"author":1,"featured_media":0,"parent":0,"menu_order":0,"comment_status":"closed","ping_status":"closed","template":"","meta":{"footnotes":""},"class_list":["post-2","page","type-page","status-publish"],"_links":{"self":[{"href":"https:\/\/www.sas.szczecin.pl\/index.php\/wp-json\/wp\/v2\/pages\/2","targetHints":{"allow":["GET"]}}],"collection":[{"href":"https:\/\/www.sas.szczecin.pl\/index.php\/wp-json\/wp\/v2\/pages"}],"about":[{"href":"https:\/\/www.sas.szczecin.pl\/index.php\/wp-json\/wp\/v2\/types\/page"}],"author":[{"embeddable":true,"href":"https:\/\/www.sas.szczecin.pl\/index.php\/wp-json\/wp\/v2\/users\/1"}],"replies":[{"embeddable":true,"href":"https:\/\/www.sas.szczecin.pl\/index.php\/wp-json\/wp\/v2\/comments?post=2"}],"version-history":[{"count":41,"href":"https:\/\/www.sas.szczecin.pl\/index.php\/wp-json\/wp\/v2\/pages\/2\/revisions"}],"predecessor-version":[{"id":356,"href":"https:\/\/www.sas.szczecin.pl\/index.php\/wp-json\/wp\/v2\/pages\/2\/revisions\/356"}],"wp:attachment":[{"href":"https:\/\/www.sas.szczecin.pl\/index.php\/wp-json\/wp\/v2\/media?parent=2"}],"curies":[{"name":"wp","href":"https:\/\/api.w.org\/{rel}","templated":true}]}}